{"id":15595,"date":"2024-05-28T10:41:14","date_gmt":"2024-05-28T10:41:14","guid":{"rendered":"https:\/\/boron.agency\/?page_id=15595"},"modified":"2024-05-28T11:05:12","modified_gmt":"2024-05-28T11:05:12","slug":"%d1%96%d0%bd%d1%84%d0%be%d1%80%d0%bc%d0%b0%d1%86%d1%96%d0%b9%d0%bd%d0%b5-%d0%b7%d0%b0%d1%81%d1%82%d0%b5%d1%80%d0%b5%d0%b6%d0%b5%d0%bd%d0%bd%d1%8f-%d0%ba%d0%be%d0%bd%d1%82%d0%b0%d0%ba%d1%82%d0%bd%d0%b0","status":"publish","type":"page","link":"https:\/\/boron.agency\/uk\/%d1%96%d0%bd%d1%84%d0%be%d1%80%d0%bc%d0%b0%d1%86%d1%96%d0%b9%d0%bd%d0%b5-%d0%b7%d0%b0%d1%81%d1%82%d0%b5%d1%80%d0%b5%d0%b6%d0%b5%d0%bd%d0%bd%d1%8f-%d0%ba%d0%be%d0%bd%d1%82%d0%b0%d0%ba%d1%82%d0%bd%d0%b0\/","title":{"rendered":"\u0406\u043d\u0444\u043e\u0440\u043c\u0430\u0446\u0456\u0439\u043d\u0438\u0439 \u043f\u0443\u043d\u043a\u0442 - \u043a\u043e\u043d\u0442\u0430\u043a\u0442\u043d\u0430 \u0444\u043e\u0440\u043c\u0430"},"content":{"rendered":"<ol class=\"wp-block-list\">\n<li>\u0410\u0434\u043c\u0456\u043d\u0456\u0441\u0442\u0440\u0430\u0442\u043e\u0440\u043e\u043c \u043f\u0435\u0440\u0441\u043e\u043d\u0430\u043b\u044c\u043d\u0438\u0445 \u0434\u0430\u043d\u0438\u0445 \u043a\u043e\u043d\u0442\u0430\u043a\u0442\u043d\u0438\u0445 \u043e\u0441\u0456\u0431 \u0454 \u043a\u043e\u043c\u043f\u0430\u043d\u0456\u044f Boro\u0144 Marketing Klaudia Boro\u0144 ul. Boya \u017bele\u0144skiego 4\/9 33-100 Tarn\u00f3w.<\/li>\n\n\n\n<li>\u041f\u0435\u0440\u0441\u043e\u043d\u0430\u043b\u044c\u043d\u0456 \u0434\u0430\u043d\u0456 \u043e\u0431\u0440\u043e\u0431\u043b\u044f\u044e\u0442\u044c\u0441\u044f \u0434\u043b\u044f \u0442\u043e\u0433\u043e, \u0449\u043e\u0431 \u0432\u0456\u0434\u043f\u043e\u0432\u0456\u0441\u0442\u0438 \u043d\u0430 \u0437\u0430\u043f\u0438\u0442\u0430\u043d\u043d\u044f \u0437\u0430 \u0437\u0430\u043f\u0438\u0442\u043e\u043c \u0441\u0443\u0431'\u0454\u043a\u0442\u0430 \u0434\u0430\u043d\u0438\u0445.<\/li>\n\n\n\n<li>\u041f\u0440\u0430\u0432\u043e\u0432\u043e\u044e \u043f\u0456\u0434\u0441\u0442\u0430\u0432\u043e\u044e \u0434\u043b\u044f \u043e\u0431\u0440\u043e\u0431\u043a\u0438 \u0454 \u0441\u0442\u0430\u0442\u0442\u044f 6(1)(b) RODO, \u0442\u043e\u0431\u0442\u043e \u043d\u0435\u043e\u0431\u0445\u0456\u0434\u043d\u0456\u0441\u0442\u044c \u0434\u0430\u043d\u0438\u0445 \u0434\u043e \u0432\u0438\u043a\u043e\u043d\u0430\u043d\u043d\u044f \u0434\u043e\u0433\u043e\u0432\u043e\u0440\u0443 \u043d\u0430 \u0432\u0438\u043c\u043e\u0433\u0443 \u0441\u0443\u0431'\u0454\u043a\u0442\u0430 \u0434\u0430\u043d\u0438\u0445.<\/li>\n\n\n\n<li>\u041d\u0430\u0434\u0430\u043d\u043d\u044f \u043f\u0435\u0440\u0441\u043e\u043d\u0430\u043b\u044c\u043d\u0438\u0445 \u0434\u0430\u043d\u0438\u0445 \u043d\u0435\u043e\u0431\u0445\u0456\u0434\u043d\u0435 \u0434\u043b\u044f \u0442\u043e\u0433\u043e, \u0449\u043e\u0431 \u0432\u0436\u0438\u0442\u0438 \u0437\u0430\u0445\u043e\u0434\u0456\u0432 \u0437\u0430 \u0437\u0430\u043f\u0438\u0442\u043e\u043c \u043a\u043b\u0456\u0454\u043d\u0442\u0430.<\/li>\n\n\n\n<li>\u0414\u0430\u043d\u0456 \u043a\u043b\u0456\u0454\u043d\u0442\u0430 \u0431\u0443\u0434\u0443\u0442\u044c \u043e\u0431\u0440\u043e\u0431\u043b\u044f\u0442\u0438\u0441\u044f \u0442\u0456\u043b\u044c\u043a\u0438 \u043f\u0440\u043e\u0442\u044f\u0433\u043e\u043c \u043f\u0435\u0440\u0456\u043e\u0434\u0443, \u043d\u0435\u043e\u0431\u0445\u0456\u0434\u043d\u043e\u0433\u043e \u0434\u043b\u044f \u0432\u0438\u043a\u043e\u043d\u0430\u043d\u043d\u044f \u043c\u0435\u0442\u0438, \u0434\u043b\u044f \u044f\u043a\u043e\u0457 \u0432\u043e\u043d\u0438 \u0431\u0443\u043b\u0438 \u0437\u0456\u0431\u0440\u0430\u043d\u0456.<\/li>\n\n\n\n<li>\u0414\u0430\u043d\u0456 \u043a\u043b\u0456\u0454\u043d\u0442\u0430 \u0431\u0443\u0434\u0443\u0442\u044c \u043f\u0435\u0440\u0435\u0434\u0430\u043d\u0456 \u0456\u043d\u0448\u0438\u043c \u043e\u0434\u0435\u0440\u0436\u0443\u0432\u0430\u0447\u0430\u043c \u0434\u0430\u043d\u0438\u0445, \u0442\u0430\u043a\u0438\u043c \u044f\u043a \u0441\u043b\u0443\u0436\u0431\u0438, \u0449\u043e \u043d\u0430\u0434\u0430\u044e\u0442\u044c \u043f\u043e\u0441\u043b\u0443\u0433\u0438 \u0437 \u043e\u0431\u0441\u043b\u0443\u0433\u043e\u0432\u0443\u0432\u0430\u043d\u043d\u044f \u0442\u0430 \u0445\u043e\u0441\u0442\u0438\u043d\u0433\u0443 \u0406\u0422-\u0441\u0438\u0441\u0442\u0435\u043c, \u0434\u0438\u0441\u0442\u0440\u0438\u0431\u0443\u0446\u0456\u0457, \u043f\u043e\u0448\u0442\u043e\u0432\u0438\u0445 \u043f\u043e\u0441\u043b\u0443\u0433 \u0442\u043e\u0449\u043e.<\/li>\n\n\n\n<li>\u0412\u0456\u0434\u0441\u0443\u0442\u043d\u0456\u0441\u0442\u044c \u0434\u0430\u043d\u0438\u0445 \u0443\u043d\u0435\u043c\u043e\u0436\u043b\u0438\u0432\u043b\u044e\u0454 \u0432\u0456\u0434\u043f\u043e\u0432\u0456\u0434\u044c \u043d\u0430 \u043f\u043e\u0441\u0442\u0430\u0432\u043b\u0435\u043d\u0435 \u0437\u0430\u043f\u0438\u0442\u0430\u043d\u043d\u044f.<\/li>\n\n\n\n<li>\u041f\u0435\u0440\u0441\u043e\u043d\u0430\u043b\u044c\u043d\u0456 \u0434\u0430\u043d\u0456 \u043d\u0435 \u043f\u0435\u0440\u0435\u0434\u0430\u044e\u0442\u044c\u0441\u044f \u0434\u043e \u0442\u0440\u0435\u0442\u0456\u0445 \u043a\u0440\u0430\u0457\u043d.<\/li>\n\n\n\n<li>\u0422\u0456, \u0445\u0442\u043e \u0437\u0432\u0435\u0440\u043d\u0443\u0432\u0441\u044f \u0447\u0435\u0440\u0435\u0437 \u043a\u043e\u043d\u0442\u0430\u043a\u0442\u043d\u0443 \u0444\u043e\u0440\u043c\u0443, \u043c\u0430\u044e\u0442\u044c \u043d\u0430 \u0446\u0435 \u043f\u0440\u0430\u0432\u043e:<\/li>\n\n\n\n<li>\u0434\u043e\u0441\u0442\u0443\u043f \u0434\u043e \u0434\u0430\u043d\u0438\u0445 \u0442\u0430 \u0457\u0445 \u0432\u0438\u043f\u0440\u0430\u0432\u043b\u0435\u043d\u043d\u044f,<\/li>\n\n\n\n<li>\u0441\u0442\u0438\u0440\u0430\u043d\u043d\u044f \u0434\u0430\u043d\u0438\u0445 (\u0437\u0430\u0431\u0443\u0432\u0430\u043d\u043d\u044f) \u043f\u0456\u0441\u043b\u044f \u0437\u0430\u043a\u0456\u043d\u0447\u0435\u043d\u043d\u044f \u043f\u0435\u0440\u0456\u043e\u0434\u0443, \u0434\u043b\u044f \u044f\u043a\u043e\u0433\u043e \u043d\u0435\u043e\u0431\u0445\u0456\u0434\u043d\u0430 \u043e\u0431\u0440\u043e\u0431\u043a\u0430,<\/li>\n\n\n\n<li>\u043f\u0435\u0440\u0435\u043d\u043e\u0441\u0438\u043c\u0456\u0441\u0442\u044c \u0434\u0430\u043d\u0438\u0445, \u044f\u043a\u0449\u043e \u0434\u0430\u043d\u0456 \u043e\u0431\u0440\u043e\u0431\u043b\u044f\u044e\u0442\u044c\u0441\u044f \u043d\u0430 \u043f\u0456\u0434\u0441\u0442\u0430\u0432\u0456 \u0437\u0433\u043e\u0434\u0438 \u0430\u0431\u043e \u0434\u043e\u0433\u043e\u0432\u043e\u0440\u0443, \u0456 \u0446\u0435 \u0432\u0456\u0434\u0431\u0443\u0432\u0430\u0454\u0442\u044c\u0441\u044f \u0432 \u0435\u043b\u0435\u043a\u0442\u0440\u043e\u043d\u043d\u043e\u043c\u0443 \u0432\u0438\u0433\u043b\u044f\u0434\u0456,<\/li>\n\n\n\n<li>\u0437\u0430\u043f\u0435\u0440\u0435\u0447\u0443\u0432\u0430\u0442\u0438 \u043f\u0440\u043e\u0442\u0438 \u043e\u0431\u0440\u043e\u0431\u043a\u0438 \u0434\u0430\u043d\u0438\u0445 \u0434\u043b\u044f \u0446\u0456\u043b\u0435\u0439 \u043f\u0440\u044f\u043c\u043e\u0433\u043e \u043c\u0430\u0440\u043a\u0435\u0442\u0438\u043d\u0433\u0443, \u0449\u043e \u0437\u0434\u0456\u0439\u0441\u043d\u044e\u0454\u0442\u044c\u0441\u044f \u043a\u043e\u043d\u0442\u0440\u043e\u043b\u0435\u0440\u043e\u043c \u0432 \u0440\u0430\u043c\u043a\u0430\u0445 \u0437\u0430\u043a\u043e\u043d\u043d\u043e\u0433\u043e \u043f\u0440\u0430\u0432\u043e\u0432\u043e\u0433\u043e \u0456\u043d\u0442\u0435\u0440\u0435\u0441\u0443,<\/li>\n\n\n\n<li>\u043e\u0431\u043c\u0435\u0436\u0435\u043d\u043d\u044f \u043e\u0431\u0440\u043e\u0431\u043a\u0438,<\/li>\n\n\n\n<li>\u043f\u043e\u0434\u0430\u0442\u0438 \u0441\u043a\u0430\u0440\u0433\u0443 \u0434\u043e \u041e\u0440\u0433\u0430\u043d\u0443 \u0437\u0430\u0445\u0438\u0441\u0442\u0443 \u0434\u0430\u043d\u0438\u0445 (DPA), \u044f\u043a\u0449\u043e \u043e\u0441\u043e\u0431\u0430 \u0432\u0432\u0430\u0436\u0430\u0454, \u0449\u043e \u043e\u0431\u0440\u043e\u0431\u043a\u0430 \u0457\u0457 \u0434\u0430\u043d\u0438\u0445 \u043d\u0435 \u0432\u0456\u0434\u043f\u043e\u0432\u0456\u0434\u0430\u0454 \u0447\u0438\u043d\u043d\u043e\u043c\u0443 \u0437\u0430\u043a\u043e\u043d\u043e\u0434\u0430\u0432\u0441\u0442\u0432\u0443 \u0443 \u0446\u0456\u0439 \u0441\u0444\u0435\u0440\u0456.<\/li>\n\n\n\n<li>\u041f\u0435\u0440\u0441\u043e\u043d\u0430\u043b\u044c\u043d\u0456 \u0434\u0430\u043d\u0456 \u043a\u043b\u0456\u0454\u043d\u0442\u0430 \u043d\u0435 \u043f\u0456\u0434\u043b\u044f\u0433\u0430\u044e\u0442\u044c \u0430\u0432\u0442\u043e\u043c\u0430\u0442\u0438\u0437\u043e\u0432\u0430\u043d\u043e\u043c\u0443 \u043f\u0440\u043e\u0444\u0456\u043b\u044e\u0432\u0430\u043d\u043d\u044e, \u044f\u043a\u0435 \u0441\u0442\u0432\u043e\u0440\u044e\u0454 \u043f\u0440\u0430\u0432\u043e\u0432\u0456 \u043d\u0430\u0441\u043b\u0456\u0434\u043a\u0438 \u0434\u043b\u044f \u0441\u0443\u0431'\u0454\u043a\u0442\u0430 \u0434\u0430\u043d\u0438\u0445 \u0430\u0431\u043e \u043f\u043e\u0434\u0456\u0431\u043d\u0438\u043c \u0447\u0438\u043d\u043e\u043c \u0432\u043f\u043b\u0438\u0432\u0430\u0454 \u043d\u0430 \u043d\u044c\u043e\u0433\u043e.<\/li>\n\n\n\n<li>\u0414\u043b\u044f \u0440\u0435\u0430\u043b\u0456\u0437\u0430\u0446\u0456\u0457 \u0432\u0438\u0449\u0435\u0437\u0430\u0437\u043d\u0430\u0447\u0435\u043d\u0438\u0445 \u043f\u0440\u0430\u0432 \u0441\u0443\u0431'\u0454\u043a\u0442 \u0434\u0430\u043d\u0438\u0445 \u043c\u043e\u0436\u0435 \u0437\u0432'\u044f\u0437\u0430\u0442\u0438\u0441\u044f \u0437 \u043a\u043e\u043d\u0442\u0440\u043e\u043b\u0435\u0440\u043e\u043c.<\/li>\n\n\n\n<li>\u041a\u043e\u043d\u0442\u0440\u043e\u043b\u0435\u0440 \u0434\u0430\u043d\u0438\u0445 \u043f\u0440\u0438\u0437\u043d\u0430\u0447\u0438\u0432 \u0432\u0456\u0434\u043f\u043e\u0432\u0456\u0434\u0430\u043b\u044c\u043d\u043e\u0433\u043e \u0437\u0430 \u0437\u0430\u0445\u0438\u0441\u0442 \u0434\u0430\u043d\u0438\u0445, \u0437 \u044f\u043a\u0438\u043c \u043c\u043e\u0436\u043d\u0430 \u0437\u0432'\u044f\u0437\u0430\u0442\u0438\u0441\u044f \u0437\u0430 \u0435\u043b\u0435\u043a\u0442\u0440\u043e\u043d\u043d\u043e\u044e \u0430\u0434\u0440\u0435\u0441\u043e\u044e iod@boron.marketing.<\/li>\n<\/ol>","protected":false},"excerpt":{"rendered":"Administratorem danych osobowych os\u00f3b kontaktuj\u0105cych si\u0119 jest firma Boro\u0144 Marketing Klaudia Boro\u0144 ul. Boya \u017bele\u0144skiego 4\/9 33-100 Tarn\u00f3w. Dane osobowe s\u0105 przetwarzane w celu udzielenia odpowiedzi na zadanie pytanie na \u017c\u0105danie osoby, kt\u00f3rej dane dotycz\u0105. Podstaw\u0105 prawn\u0105 przetwarzania danych jest...","protected":false},"author":1,"featured_media":0,"parent":0,"menu_order":0,"comment_status":"closed","ping_status":"closed","template":"","meta":{"om_disable_all_campaigns":false,"footnotes":""},"class_list":["post-15595","page","type-page","status-publish","hentry"],"_links":{"self":[{"href":"https:\/\/boron.agency\/uk\/wp-json\/wp\/v2\/pages\/15595","targetHints":{"allow":["GET"]}}],"collection":[{"href":"https:\/\/boron.agency\/uk\/wp-json\/wp\/v2\/pages"}],"about":[{"href":"https:\/\/boron.agency\/uk\/wp-json\/wp\/v2\/types\/page"}],"author":[{"embeddable":true,"href":"https:\/\/boron.agency\/uk\/wp-json\/wp\/v2\/users\/1"}],"replies":[{"embeddable":true,"href":"https:\/\/boron.agency\/uk\/wp-json\/wp\/v2\/comments?post=15595"}],"version-history":[{"count":0,"href":"https:\/\/boron.agency\/uk\/wp-json\/wp\/v2\/pages\/15595\/revisions"}],"wp:attachment":[{"href":"https:\/\/boron.agency\/uk\/wp-json\/wp\/v2\/media?parent=15595"}],"curies":[{"name":"wp","href":"https:\/\/api.w.org\/{rel}","templated":true}]}}